{"id":13,"date":"2015-08-06T08:09:30","date_gmt":"2015-08-06T08:09:30","guid":{"rendered":"https:\/\/www.walserhaus-albula.ch\/?page_id=13"},"modified":"2025-12-07T19:06:47","modified_gmt":"2025-12-07T19:06:47","slug":"ferienhaus-in-graubuenden-im-albulatal","status":"publish","type":"page","link":"https:\/\/www.walserhaus-albula.ch\/?page_id=13","title":{"rendered":"Beschrieb"},"content":{"rendered":"<div class='flex_column_table av-equal-height-column-flextable -flextable' ><div class=\"flex_column av_one_half  flex_column_table_cell av-equal-height-column av-align-top av-zero-column-padding first  \" style='border-radius:0px; '><p><div class='avia-image-container  av-styling-    avia-align-center '  itemprop=\"ImageObject\" itemscope=\"itemscope\" itemtype=\"https:\/\/schema.org\/ImageObject\"  ><div class='avia-image-container-inner'><img class='avia_image ' src='https:\/\/www.walserhaus-albula.ch\/wp-content\/uploads\/2015\/09\/000_Alva_SuedOst_IMG_1228b-1030x687.gif' alt='Albula Ferienhaus Ferienwohnung Denkmalpflege Alvaneu Graub\u00fcnden Ferienwohnung Ferien' title='Walserhaus Albula - Baujahr 1625'   itemprop=\"thumbnailUrl\"  \/><\/div><\/div><br \/>\n<div class='avia-image-container  av-styling-    avia-align-center '  itemprop=\"ImageObject\" itemscope=\"itemscope\" itemtype=\"https:\/\/schema.org\/ImageObject\"  ><div class='avia-image-container-inner'><img class='avia_image ' src='https:\/\/www.walserhaus-albula.ch\/wp-content\/uploads\/2015\/09\/000_A_Stube_IMG_9870.gif' alt='St\u00fcva, Stube, Ferien, Ferienwohnung, Walserhaus, Alvaneu, Albula, Ferienhaus, Graub\u00fcnden, Schweiz, Stube Walserhaus,' title='Walser-Stube'   itemprop=\"thumbnailUrl\"  \/><\/div><\/div><br \/>\n<div class='avia-image-container  av-styling-    avia-align-center '  itemprop=\"ImageObject\" itemscope=\"itemscope\" itemtype=\"https:\/\/schema.org\/ImageObject\"  ><div class='avia-image-container-inner'><img class='avia_image ' src='https:\/\/www.walserhaus-albula.ch\/wp-content\/uploads\/2015\/09\/Z-000_Alva_05a3_Entree_Stube_IMG_9348.gif' alt='Ferien, Alvaneu-Dorf, Ferienwohnung, Walserhaus, Albula, Alvaneu, Graub\u00fcnden, Ferienhaus' title='Entr\u00e9e'   itemprop=\"thumbnailUrl\"  \/><\/div><\/div><br \/>\n<div class='avia-image-container  av-styling-    avia-align-center '  itemprop=\"ImageObject\" itemscope=\"itemscope\" itemtype=\"https:\/\/schema.org\/ImageObject\"  ><div class='avia-image-container-inner'><img class='avia_image ' src='https:\/\/www.walserhaus-albula.ch\/wp-content\/uploads\/2016\/01\/DSC00513b-studio-1030x579.gif' alt='Walserhaus-Albula Alvaneu Graub\u00fcnden, Ferienwohnung' title='Chemin\u00e9e-Raum'   itemprop=\"thumbnailUrl\"  \/><\/div><\/div><br \/>\n<div class='avia-image-container  av-styling-    avia-align-center '  itemprop=\"ImageObject\" itemscope=\"itemscope\" itemtype=\"https:\/\/schema.org\/ImageObject\"  ><div class='avia-image-container-inner'><img class='avia_image ' src='https:\/\/www.walserhaus-albula.ch\/wp-content\/uploads\/2015\/09\/Z-000_Alva_18c2-Kueche-Kombination-IMG_9233.gif' alt='Ferien, Ferienwohnung, Albula, Alvaneu, Graub\u00fcnden, Ferienhaus' title='K\u00fcche'   itemprop=\"thumbnailUrl\"  \/><\/div><\/div><br \/>\n<div class='avia-image-container  av-styling-    avia-align-center '  itemprop=\"ImageObject\" itemscope=\"itemscope\" itemtype=\"https:\/\/schema.org\/ImageObject\"  ><div class='avia-image-container-inner'><img class='avia_image ' src='https:\/\/www.walserhaus-albula.ch\/wp-content\/uploads\/2015\/08\/019_Alva_40_Aussen_Dorf_IMG_a0041-1030x579.jpg' alt='Ferien, Alvaneu-Dorf, Ferienwohnung, Alvaneu, Walserhaus, Albula, Graub\u00fcnden, Ferienhaus' title='Alvaneu-Dorf auf der Sonnenterrasse im Albulatal. Im Tal unten das Thermalbad und der 18-Loch Golfplatz.'   itemprop=\"thumbnailUrl\"  \/><\/div><\/div><\/p><\/div><\/div><!--close column table wrapper. Autoclose: 1 -->\n<div class='flex_column_table av-equal-height-column-flextable -flextable' ><div class='av-flex-placeholder'><\/div><div class=\"flex_column av_one_half  flex_column_table_cell av-equal-height-column av-align-top av-zero-column-padding   \" style='border-radius:0px; '><p><section class=\"av_textblock_section \"  itemscope=\"itemscope\" itemtype=\"https:\/\/schema.org\/CreativeWork\" ><div class='avia_textblock  '   itemprop=\"text\" ><p><strong>Historisches Haus in Alvaneu-Dorf \/ Graub\u00fcnden<\/strong><br \/>\nDas schlichte Bauernhaus &#8211; ein Walserhaus mit Mantelmauer aus den Jahr 1625 &#8211; steht unter Schweizer Denkmalschutz. Es wurde in Absprache mit der Denkmalpflege r\u00fcckgebaut, sanft renoviert und ausgebaut. Das spezielle Cachet blieb so erhalten. Die Inneneinrichtung ist hochwertig und verbindet in idealer Weise alte B\u00fcndner Tradition mit modernem Design.<\/p>\n<\/div><\/section><br \/>\n<div style='height:30px' class='hr hr-invisible  '><span class='hr-inner ' ><span class='hr-inner-style'><\/span><\/span><\/div><br \/>\n<section class=\"av_textblock_section \"  itemscope=\"itemscope\" itemtype=\"https:\/\/schema.org\/CreativeWork\" ><div class='avia_textblock  '   itemprop=\"text\" ><p><strong>Viel Platz f\u00fcr bis zu 6 Personen<\/strong><br \/>\nIm Ferienhaus stehen f\u00fcr 1-6 Personen insgesamt 130m\u00b2 Wohnfl\u00e4che zur Verf\u00fcgung &#8211; der gem\u00fctliche Eingangsbereich, die alte Stube, der neu ausgebaute Chemin\u00e9e-Raum, die offene K\u00fcche mit Essbereich und die beiden Schlafzimmer. Zus\u00e4tzlich laden grosse, sonnige Terassen, eine Lounge, ein Saunabereich und ein kleiner Garten zum Verweilen ein.&nbsp;<\/p>\n<p>Haustiere sind nach Absprache willkommen.<\/p>\n<\/div><\/section><br \/>\n<div style='height:30px' class='hr hr-invisible  '><span class='hr-inner ' ><span class='hr-inner-style'><\/span><\/span><\/div><br \/>\n<section class=\"av_textblock_section \"  itemscope=\"itemscope\" itemtype=\"https:\/\/schema.org\/CreativeWork\" ><div class='avia_textblock  '   itemprop=\"text\" ><p><strong>Problemlose Anfahrt<\/strong><br \/>\nIm Sommer und Winter \u00f6ffentlich gut erreichbar, 3 Min. ab Postauto-Haltestelle Alvaneu-Dorf (Postautolinie Chur-Lenzerheide-Davos). Ein eigener Parkplatz steht direkt neben dem Haus zur Verf\u00fcgung. Zudem hat es weitere kostenlose Parkpl\u00e4tze im Dorf.<\/p>\n<\/div><\/section><br \/>\n<div style='height:30px' class='hr hr-invisible  '><span class='hr-inner ' ><span class='hr-inner-style'><\/span><\/span><\/div><br \/>\n<section class=\"av_textblock_section \"  itemscope=\"itemscope\" itemtype=\"https:\/\/schema.org\/CreativeWork\" ><div class='avia_textblock  '   itemprop=\"text\" ><p><strong>Attraktive&nbsp;Umgebung<\/strong><br \/>\nAlvaneu-Dorf liegt auf der Sonnenterrasse des Albulatals, im Zentrum Graub\u00fcndens &#8211; mit Restaurant, Einkaufsm\u00f6glichkeiten, insbesondere auch Bio-Hofl\u00e4den und intakter, landwirtschaftlicher Umgebung &#8211;&nbsp; in angenehmer Distanz zu Touristen-Hotspots. Rund um Alvaneu erschliesst sich ein ideales Wander-, Mountainbike- und Skigebiet. Die Lenzerheide, Davos, Berg\u00fcn und Savognin sind schnell und bequem erreichbar. Unten im Tal liegt Alvaneu-Bad mit seinem 18-Loch Golfplatz. Alvaneu geh\u00f6rt zur politischen Gemeinde Albula\/Alvra und ist Teil des Park Ela, dem gr\u00f6ssten Naturpark der Schweiz.<\/p>\n<\/div><\/section><br \/>\n<div style='height:30px' class='hr hr-invisible  '><span class='hr-inner ' ><span class='hr-inner-style'><\/span><\/span><\/div><br \/>\n<section class=\"av_textblock_section \"  itemscope=\"itemscope\" itemtype=\"https:\/\/schema.org\/CreativeWork\" ><div class='avia_textblock  '   itemprop=\"text\" ><p><strong>Ausstattung<\/strong><br \/>\nBackofen, Glaskeramikherd mit 4 Kochfelder, separater Steamer,&nbsp; Abwaschmaschine, Nespresso-Kaffeemaschine, K\u00fchlschrank, Tiefk\u00fchler, Waschmaschine.<\/p>\n<p>Chemin\u00e9e, Swisscom-TV, gratis WLAN, Sauna, Gartenm\u00f6bel, Grill u.v.a.<\/p>\n<\/div><\/section><\/p><\/div><\/div><!--close column table wrapper. Autoclose: 1 -->\n","protected":false},"excerpt":{"rendered":"","protected":false},"author":1,"featured_media":0,"parent":0,"menu_order":0,"comment_status":"open","ping_status":"open","template":"","meta":{"ngg_post_thumbnail":0,"footnotes":""},"class_list":["post-13","page","type-page","status-publish","hentry"],"yoast_head":"<!-- This site is optimized with the Yoast SEO plugin v27.3 - https:\/\/yoast.com\/product\/yoast-seo-wordpress\/ -->\n<title>Beschrieb - Walserhaus-Albula<\/title>\n<meta name=\"description\" content=\"Ferienhaus Graub\u00fcnden\" \/>\n<meta name=\"robots\" content=\"index, follow, max-snippet:-1, max-image-preview:large, max-video-preview:-1\" \/>\n<link rel=\"canonical\" href=\"https:\/\/www.walserhaus-albula.ch\/?page_id=13\" \/>\n<meta property=\"og:locale\" content=\"de_DE\" \/>\n<meta property=\"og:type\" content=\"article\" \/>\n<meta property=\"og:title\" content=\"Beschrieb - Walserhaus-Albula\" \/>\n<meta property=\"og:description\" content=\"Ferienhaus Graub\u00fcnden\" \/>\n<meta property=\"og:url\" content=\"https:\/\/www.walserhaus-albula.ch\/?page_id=13\" \/>\n<meta property=\"og:site_name\" content=\"Walserhaus-Albula\" \/>\n<meta property=\"article:modified_time\" content=\"2025-12-07T19:06:47+00:00\" \/>\n<meta name=\"twitter:card\" content=\"summary_large_image\" \/>\n<meta name=\"twitter:label1\" content=\"Gesch\u00e4tzte Lesezeit\" \/>\n\t<meta name=\"twitter:data1\" content=\"3\u00a0Minuten\" \/>\n<script type=\"application\/ld+json\" class=\"yoast-schema-graph\">{\"@context\":\"https:\\\/\\\/schema.org\",\"@graph\":[{\"@type\":\"WebPage\",\"@id\":\"https:\\\/\\\/www.walserhaus-albula.ch\\\/?page_id=13\",\"url\":\"https:\\\/\\\/www.walserhaus-albula.ch\\\/?page_id=13\",\"name\":\"Beschrieb - Walserhaus-Albula\",\"isPartOf\":{\"@id\":\"https:\\\/\\\/www.walserhaus-albula.ch\\\/#website\"},\"datePublished\":\"2015-08-06T08:09:30+00:00\",\"dateModified\":\"2025-12-07T19:06:47+00:00\",\"description\":\"Ferienhaus Graub\u00fcnden\",\"breadcrumb\":{\"@id\":\"https:\\\/\\\/www.walserhaus-albula.ch\\\/?page_id=13#breadcrumb\"},\"inLanguage\":\"de\",\"potentialAction\":[{\"@type\":\"ReadAction\",\"target\":[\"https:\\\/\\\/www.walserhaus-albula.ch\\\/?page_id=13\"]}]},{\"@type\":\"BreadcrumbList\",\"@id\":\"https:\\\/\\\/www.walserhaus-albula.ch\\\/?page_id=13#breadcrumb\",\"itemListElement\":[{\"@type\":\"ListItem\",\"position\":1,\"name\":\"Home\",\"item\":\"https:\\\/\\\/www.walserhaus-albula.ch\\\/\"},{\"@type\":\"ListItem\",\"position\":2,\"name\":\"Beschrieb\"}]},{\"@type\":\"WebSite\",\"@id\":\"https:\\\/\\\/www.walserhaus-albula.ch\\\/#website\",\"url\":\"https:\\\/\\\/www.walserhaus-albula.ch\\\/\",\"name\":\"Walserhaus-Albula\",\"description\":\"Entspannen im Walserhaus-Albula\",\"potentialAction\":[{\"@type\":\"SearchAction\",\"target\":{\"@type\":\"EntryPoint\",\"urlTemplate\":\"https:\\\/\\\/www.walserhaus-albula.ch\\\/?s={search_term_string}\"},\"query-input\":{\"@type\":\"PropertyValueSpecification\",\"valueRequired\":true,\"valueName\":\"search_term_string\"}}],\"inLanguage\":\"de\"}]}<\/script>\n<!-- \/ Yoast SEO plugin. -->","yoast_head_json":{"title":"Beschrieb - Walserhaus-Albula","description":"Ferienhaus Graub\u00fcnden","robots":{"index":"index","follow":"follow","max-snippet":"max-snippet:-1","max-image-preview":"max-image-preview:large","max-video-preview":"max-video-preview:-1"},"canonical":"https:\/\/www.walserhaus-albula.ch\/?page_id=13","og_locale":"de_DE","og_type":"article","og_title":"Beschrieb - Walserhaus-Albula","og_description":"Ferienhaus Graub\u00fcnden","og_url":"https:\/\/www.walserhaus-albula.ch\/?page_id=13","og_site_name":"Walserhaus-Albula","article_modified_time":"2025-12-07T19:06:47+00:00","twitter_card":"summary_large_image","twitter_misc":{"Gesch\u00e4tzte Lesezeit":"3\u00a0Minuten"},"schema":{"@context":"https:\/\/schema.org","@graph":[{"@type":"WebPage","@id":"https:\/\/www.walserhaus-albula.ch\/?page_id=13","url":"https:\/\/www.walserhaus-albula.ch\/?page_id=13","name":"Beschrieb - Walserhaus-Albula","isPartOf":{"@id":"https:\/\/www.walserhaus-albula.ch\/#website"},"datePublished":"2015-08-06T08:09:30+00:00","dateModified":"2025-12-07T19:06:47+00:00","description":"Ferienhaus Graub\u00fcnden","breadcrumb":{"@id":"https:\/\/www.walserhaus-albula.ch\/?page_id=13#breadcrumb"},"inLanguage":"de","potentialAction":[{"@type":"ReadAction","target":["https:\/\/www.walserhaus-albula.ch\/?page_id=13"]}]},{"@type":"BreadcrumbList","@id":"https:\/\/www.walserhaus-albula.ch\/?page_id=13#breadcrumb","itemListElement":[{"@type":"ListItem","position":1,"name":"Home","item":"https:\/\/www.walserhaus-albula.ch\/"},{"@type":"ListItem","position":2,"name":"Beschrieb"}]},{"@type":"WebSite","@id":"https:\/\/www.walserhaus-albula.ch\/#website","url":"https:\/\/www.walserhaus-albula.ch\/","name":"Walserhaus-Albula","description":"Entspannen im Walserhaus-Albula","potentialAction":[{"@type":"SearchAction","target":{"@type":"EntryPoint","urlTemplate":"https:\/\/www.walserhaus-albula.ch\/?s={search_term_string}"},"query-input":{"@type":"PropertyValueSpecification","valueRequired":true,"valueName":"search_term_string"}}],"inLanguage":"de"}]}},"_links":{"self":[{"href":"https:\/\/www.walserhaus-albula.ch\/index.php?rest_route=\/wp\/v2\/pages\/13","targetHints":{"allow":["GET"]}}],"collection":[{"href":"https:\/\/www.walserhaus-albula.ch\/index.php?rest_route=\/wp\/v2\/pages"}],"about":[{"href":"https:\/\/www.walserhaus-albula.ch\/index.php?rest_route=\/wp\/v2\/types\/page"}],"author":[{"embeddable":true,"href":"https:\/\/www.walserhaus-albula.ch\/index.php?rest_route=\/wp\/v2\/users\/1"}],"replies":[{"embeddable":true,"href":"https:\/\/www.walserhaus-albula.ch\/index.php?rest_route=%2Fwp%2Fv2%2Fcomments&post=13"}],"version-history":[{"count":90,"href":"https:\/\/www.walserhaus-albula.ch\/index.php?rest_route=\/wp\/v2\/pages\/13\/revisions"}],"predecessor-version":[{"id":527,"href":"https:\/\/www.walserhaus-albula.ch\/index.php?rest_route=\/wp\/v2\/pages\/13\/revisions\/527"}],"wp:attachment":[{"href":"https:\/\/www.walserhaus-albula.ch\/index.php?rest_route=%2Fwp%2Fv2%2Fmedia&parent=13"}],"curies":[{"name":"wp","href":"https:\/\/api.w.org\/{rel}","templated":true}]}}